{"id":9,"date":"2024-03-25T11:08:22","date_gmt":"2024-03-25T10:08:22","guid":{"rendered":"https:\/\/tieraerztinmini.de\/?page_id=9"},"modified":"2024-04-15T12:06:57","modified_gmt":"2024-04-15T10:06:57","slug":"home","status":"publish","type":"page","link":"https:\/\/tieraerztinmini.de\/","title":{"rendered":"Home"},"content":{"rendered":"\t\t<div data-elementor-type=\"wp-page\" data-elementor-id=\"9\" class=\"elementor elementor-9\" data-elementor-post-type=\"page\">\n\t\t\t\t<div class=\"elementor-element elementor-element-f5770e2 e-flex e-con-boxed e-con e-parent\" data-id=\"f5770e2\" data-element_type=\"container\" data-settings=\"{&quot;background_background&quot;:&quot;classic&quot;}\" data-core-v316-plus=\"true\">\n\t\t\t\t\t<div class=\"e-con-inner\">\n\t\t<div class=\"elementor-element elementor-element-cb35909 e-con-full blurcol e-flex e-con e-child\" data-id=\"cb35909\" data-element_type=\"container\">\n\t\t\t\t<div class=\"elementor-element elementor-element-22d0425 elementor-widget elementor-widget-heading\" data-id=\"22d0425\" data-element_type=\"widget\" data-widget_type=\"heading.default\">\n\t\t\t\t<div class=\"elementor-widget-container\">\n\t\t\t<style>\/*! elementor - v3.20.0 - 20-03-2024 *\/\n.elementor-heading-title{padding:0;margin:0;line-height:1}.elementor-widget-heading .elementor-heading-title[class*=elementor-size-]>a{color:inherit;font-size:inherit;line-height:inherit}.elementor-widget-heading .elementor-heading-title.elementor-size-small{font-size:15px}.elementor-widget-heading .elementor-heading-title.elementor-size-medium{font-size:19px}.elementor-widget-heading .elementor-heading-title.elementor-size-large{font-size:29px}.elementor-widget-heading .elementor-heading-title.elementor-size-xl{font-size:39px}.elementor-widget-heading .elementor-heading-title.elementor-size-xxl{font-size:59px}<\/style><h2 class=\"elementor-heading-title elementor-size-default\">NICOLA KRAUSE<br>\nTIER\u00c4RZTIN F\u00dcR PFERDE<\/h2>\t\t<\/div>\n\t\t\t\t<\/div>\n\t\t\t\t<div class=\"elementor-element elementor-element-0d14b59 elementor-icon-list--layout-inline elementor-align-center elementor-list-item-link-full_width elementor-widget elementor-widget-icon-list\" data-id=\"0d14b59\" data-element_type=\"widget\" data-widget_type=\"icon-list.default\">\n\t\t\t\t<div class=\"elementor-widget-container\">\n\t\t\t<link rel=\"stylesheet\" href=\"https:\/\/tieraerztinmini.de\/wp-content\/plugins\/elementor\/assets\/css\/widget-icon-list.min.css\">\t\t<ul class=\"elementor-icon-list-items elementor-inline-items\">\n\t\t\t\t\t\t\t<li class=\"elementor-icon-list-item elementor-inline-item\">\n\t\t\t\t\t\t\t\t\t\t<span class=\"elementor-icon-list-text\">+49 151 12476959 <\/span>\n\t\t\t\t\t\t\t\t\t<\/li>\n\t\t\t\t\t\t\t\t<li class=\"elementor-icon-list-item elementor-inline-item\">\n\t\t\t\t\t\t\t\t\t\t\t<span class=\"elementor-icon-list-icon\">\n\t\t\t\t\t\t\t<svg aria-hidden=\"true\" class=\"e-font-icon-svg e-fas-circle\" viewBox=\"0 0 512 512\" xmlns=\"http:\/\/www.w3.org\/2000\/svg\"><path d=\"M256 8C119 8 8 119 8 256s111 248 248 248 248-111 248-248S393 8 256 8z\"><\/path><\/svg>\t\t\t\t\t\t<\/span>\n\t\t\t\t\t\t\t\t\t\t<span class=\"elementor-icon-list-text\">nicola.krause@gmail.com<\/span>\n\t\t\t\t\t\t\t\t\t<\/li>\n\t\t\t\t\t\t<\/ul>\n\t\t\t\t<\/div>\n\t\t\t\t<\/div>\n\t\t\t\t<div class=\"elementor-element elementor-element-fbe1aed elementor-absolute elementor-widget elementor-widget-spacer\" data-id=\"fbe1aed\" data-element_type=\"widget\" id=\"gen\" data-settings=\"{&quot;_position&quot;:&quot;absolute&quot;}\" data-widget_type=\"spacer.default\">\n\t\t\t\t<div class=\"elementor-widget-container\">\n\t\t\t<style>\/*! elementor - v3.20.0 - 20-03-2024 *\/\n.elementor-column .elementor-spacer-inner{height:var(--spacer-size)}.e-con{--container-widget-width:100%}.e-con-inner>.elementor-widget-spacer,.e-con>.elementor-widget-spacer{width:var(--container-widget-width,var(--spacer-size));--align-self:var(--container-widget-align-self,initial);--flex-shrink:0}.e-con-inner>.elementor-widget-spacer>.elementor-widget-container,.e-con>.elementor-widget-spacer>.elementor-widget-container{height:100%;width:100%}.e-con-inner>.elementor-widget-spacer>.elementor-widget-container>.elementor-spacer,.e-con>.elementor-widget-spacer>.elementor-widget-container>.elementor-spacer{height:100%}.e-con-inner>.elementor-widget-spacer>.elementor-widget-container>.elementor-spacer>.elementor-spacer-inner,.e-con>.elementor-widget-spacer>.elementor-widget-container>.elementor-spacer>.elementor-spacer-inner{height:var(--container-widget-height,var(--spacer-size))}.e-con-inner>.elementor-widget-spacer.elementor-widget-empty,.e-con>.elementor-widget-spacer.elementor-widget-empty{position:relative;min-height:22px;min-width:22px}.e-con-inner>.elementor-widget-spacer.elementor-widget-empty .elementor-widget-empty-icon,.e-con>.elementor-widget-spacer.elementor-widget-empty .elementor-widget-empty-icon{position:absolute;top:0;bottom:0;left:0;right:0;margin:auto;padding:0;width:22px;height:22px}<\/style>\t\t<div class=\"elementor-spacer\">\n\t\t\t<div class=\"elementor-spacer-inner\"><\/div>\n\t\t<\/div>\n\t\t\t\t<\/div>\n\t\t\t\t<\/div>\n\t\t\t\t<\/div>\n\t\t\t\t\t<\/div>\n\t\t\t\t<\/div>\n\t\t<div class=\"elementor-element elementor-element-3e5fadb e-flex e-con-boxed e-con e-parent\" data-id=\"3e5fadb\" data-element_type=\"container\" data-settings=\"{&quot;background_background&quot;:&quot;classic&quot;}\" data-core-v316-plus=\"true\">\n\t\t\t\t\t<div class=\"e-con-inner\">\n\t\t\t\t<div class=\"elementor-element elementor-element-fb42b23 elementor-widget elementor-widget-heading\" data-id=\"fb42b23\" data-element_type=\"widget\" data-widget_type=\"heading.default\">\n\t\t\t\t<div class=\"elementor-widget-container\">\n\t\t\t<h2 class=\"elementor-heading-title elementor-size-default\">LEISTUNGEN<\/h2>\t\t<\/div>\n\t\t\t\t<\/div>\n\t\t\t\t<div class=\"elementor-element elementor-element-ea280b3 elementor-widget elementor-widget-heading\" data-id=\"ea280b3\" data-element_type=\"widget\" data-widget_type=\"heading.default\">\n\t\t\t\t<div class=\"elementor-widget-container\">\n\t\t\t<h2 class=\"elementor-heading-title elementor-size-default\">BERATUNG ZU PFERDEGERECHTER HALTUNG<\/h2>\t\t<\/div>\n\t\t\t\t<\/div>\n\t\t\t\t<div class=\"elementor-element elementor-element-02f0101 elementor-widget elementor-widget-heading\" data-id=\"02f0101\" data-element_type=\"widget\" data-widget_type=\"heading.default\">\n\t\t\t\t<div class=\"elementor-widget-container\">\n\t\t\t<h2 class=\"elementor-heading-title elementor-size-default\">Eine pferdegerechte Haltung bezieht sich auf die Art und Weise, wie Pferde untergebracht und versorgt werden, um ihre Bed\u00fcrfnisse nach Gesundheit, Wohlbefinden und artgerechtem Verhalten zu erf\u00fcllen. Die Aufgabe von uns Tier\u00e4rzt:innen besteht insbesondere darin, die Gesundheit und das Wohlbefinden von Tieren zu sch\u00fctzen und zu f\u00f6rdern. Dazu geh\u00f6rt auch, gemeinsam mit Tierhalter:innen sicherzustellen, dass Pferde in einer Umgebung leben, in der sie ihren Bed\u00fcrfnissen gerecht werden k\u00f6nnen.<\/h2>\t\t<\/div>\n\t\t\t\t<\/div>\n\t\t\t\t<div class=\"elementor-element elementor-element-7b4c24c elementor-widget elementor-widget-heading\" data-id=\"7b4c24c\" data-element_type=\"widget\" data-widget_type=\"heading.default\">\n\t\t\t\t<div class=\"elementor-widget-container\">\n\t\t\t<h2 class=\"elementor-heading-title elementor-size-default\">CHIROPRAKTISCHE BEHANDLUNG<\/h2>\t\t<\/div>\n\t\t\t\t<\/div>\n\t\t\t\t<div class=\"elementor-element elementor-element-71c770d elementor-widget elementor-widget-heading\" data-id=\"71c770d\" data-element_type=\"widget\" data-widget_type=\"heading.default\">\n\t\t\t\t<div class=\"elementor-widget-container\">\n\t\t\t<h2 class=\"elementor-heading-title elementor-size-default\">Die Chiropraktik betrachtet die Verbindung zwischen der K\u00f6rperstruktur und der Funktionsweise unseres Nervensystems, und wie sich diese Interaktion auf die Wiederherstellung und Erhaltung der Gesundheit auswirkt.\nAls Chiropraktiker:in behandelt man sogenannte vertebrale Subluxationskomplexe (VSC), also Abweichungen der Beweglichkeit zwischen zwei benachbarten Gelenken.\u00a0Diese k\u00f6nnen pathologische Auswirkungen haben, die sich auf die Funktion dieser Gelenke sowie auf umliegende Strukturen auswirken. In der Chiropraktik werden diese Subluxationskomplexe als potenzielle Quelle von Beschwerden und Dysfunktionen betrachtet und die Behandlung zielt darauf ab, sie durch sanfte Justierungen zu korrigieren. Das Ziel ist es, Schmerzen zu lindern, die Beweglichkeit zu verbessern und das allgemeine Wohlbefinden zu f\u00f6rdern. Regelm\u00e4\u00dfige chiropraktische Behandlung kann somit zur langfristigen Gesunderhaltung beitragen. Veterin\u00e4rchiropraktik ersetzt nicht die notwendige schulmedizinische Grundversorgung, sondern erg\u00e4nzt diese.<\/h2>\t\t<\/div>\n\t\t\t\t<\/div>\n\t\t\t\t<div class=\"elementor-element elementor-element-2c64d28 elementor-widget elementor-widget-spacer\" data-id=\"2c64d28\" data-element_type=\"widget\" id=\"rde\" data-widget_type=\"spacer.default\">\n\t\t\t\t<div class=\"elementor-widget-container\">\n\t\t\t\t\t<div class=\"elementor-spacer\">\n\t\t\t<div class=\"elementor-spacer-inner\"><\/div>\n\t\t<\/div>\n\t\t\t\t<\/div>\n\t\t\t\t<\/div>\n\t\t\t\t\t<\/div>\n\t\t\t\t<\/div>\n\t\t<div class=\"elementor-element elementor-element-7edd390 e-flex e-con-boxed e-con e-parent\" data-id=\"7edd390\" data-element_type=\"container\" data-settings=\"{&quot;background_background&quot;:&quot;classic&quot;}\" data-core-v316-plus=\"true\">\n\t\t\t\t\t<div class=\"e-con-inner\">\n\t\t\t\t<div class=\"elementor-element elementor-element-47a717a elementor-widget elementor-widget-heading\" data-id=\"47a717a\" data-element_type=\"widget\" data-widget_type=\"heading.default\">\n\t\t\t\t<div class=\"elementor-widget-container\">\n\t\t\t<h2 class=\"elementor-heading-title elementor-size-default\">PFERDE<\/h2>\t\t<\/div>\n\t\t\t\t<\/div>\n\t\t\t\t<div class=\"elementor-element elementor-element-4389c5c elementor-widget elementor-widget-heading\" data-id=\"4389c5c\" data-element_type=\"widget\" data-widget_type=\"heading.default\">\n\t\t\t\t<div class=\"elementor-widget-container\">\n\t\t\t<h2 class=\"elementor-heading-title elementor-size-default\">Seit meiner Kindheit ziehen mich Pferde in ihren Bann. Ich bin fasziniert sowohl vom Lebewesen Pferd als auch von der Bindung zwischen Pferd und Reiter. Das r\u00fchrt vor allem daher, dass ich auf einem Gest\u00fct gro\u00df geworden bin, reite seitdem ich sitzen kann, und jahrelang im Dressursport aktiv war.\u00a0<br>\nIch bin Tr\u00e4gerin des Goldenen Reitabzeichens, war \u00fcber viele Jahre hinweg Mitglied im Bundeskader und habe im Rahmen dessen an zahlreichen Nationenpreisen teilgenommen. 2009 war ich Europameisterin der Junioren. Au\u00dferdem habe ich meine j\u00fcngere Schwester als Trainerin betreut, die auf Europameisterschaften von 2012 bis 2015 dreimal Gold und dreimal Silber gewann. Ein besonderes Highlight war die Verleihung des Ehrenpreises f\u00fcr besonders pferdegerechtes Abreiten und Pr\u00fcfungsreiten bei den Deutschen Meisterschaften in M\u00fcnchen.<br>\nMit dem Thema der pferdegerechten Haltung besch\u00e4ftige ich mich tagt\u00e4glich. Als Tier\u00e4rztin habe ich es mir zur Aufgabe gemacht, Pferde gesund zu erhalten, sowohl durch Beratung zu Haltung, F\u00fctterung aber auch bei Rittigkeitsproblematiken als auch durch die Anwendung der Chiropraktik. Der Anspruch aller Pferdemenschen sollte sein, Pferde m\u00f6glichst so zu halten wie es nach jetzigen Erkenntnissen f\u00f6rderlich f\u00fcr ihre Gesundheit und ihr Wohlbefinden ist. Dabei ist es unsere Aufgabe als Tier\u00e4rztin:innen, die Anatomie und Physiologie des Pferdes verst\u00e4ndlich zu vermitteln und aufzeigen zu k\u00f6nnen, warum ein artgerecht gehaltenes, zufriedenes Pferd langfristig ges\u00fcnder und leistungsf\u00e4higer ist.\u00a0<br>\nIch bin stolz darauf, meine Erfahrungen aus dem Reitsport mit Wissen aus Studium und Praxis zu kombinieren, um so herauszufinden, wie Reiter:innen und Tier\u00e4rzt:innen Hand in Hand jedes Pferdeleben besser machen k\u00f6nnen.<\/h2>\t\t<\/div>\n\t\t\t\t<\/div>\n\t\t\t\t<div class=\"elementor-element elementor-element-abefb58 elementor-widget elementor-widget-spacer\" data-id=\"abefb58\" data-element_type=\"widget\" id=\"ita\" data-widget_type=\"spacer.default\">\n\t\t\t\t<div class=\"elementor-widget-container\">\n\t\t\t\t\t<div class=\"elementor-spacer\">\n\t\t\t<div class=\"elementor-spacer-inner\"><\/div>\n\t\t<\/div>\n\t\t\t\t<\/div>\n\t\t\t\t<\/div>\n\t\t\t\t\t<\/div>\n\t\t\t\t<\/div>\n\t\t<div class=\"elementor-element elementor-element-a7f3064 e-flex e-con-boxed e-con e-parent\" data-id=\"a7f3064\" data-element_type=\"container\" id=\"ita\" data-settings=\"{&quot;background_background&quot;:&quot;classic&quot;}\" data-core-v316-plus=\"true\">\n\t\t\t\t\t<div class=\"e-con-inner\">\n\t\t\t\t<div class=\"elementor-element elementor-element-df4becb elementor-widget elementor-widget-heading\" data-id=\"df4becb\" data-element_type=\"widget\" data-widget_type=\"heading.default\">\n\t\t\t\t<div class=\"elementor-widget-container\">\n\t\t\t<h2 class=\"elementor-heading-title elementor-size-default\">VITA<\/h2>\t\t<\/div>\n\t\t\t\t<\/div>\n\t\t\t\t<div class=\"elementor-element elementor-element-54ed9f2 elementor-widget elementor-widget-heading\" data-id=\"54ed9f2\" data-element_type=\"widget\" data-widget_type=\"heading.default\">\n\t\t\t\t<div class=\"elementor-widget-container\">\n\t\t\t<h2 class=\"elementor-heading-title elementor-size-default\">Nach meinem Internationalen Baccalaureate und Abitur an der Frankfurt International School habe ich ein Studium der Humanmedizin in M\u00fcnchen begonnen und das Erste Staatsexamen erfolgreich abgelegt. Im Rahmen dessen habe ich bereits ein Forschungsprojekt der Onkologie betreut. <br>\nWeil es mich aber nach zahlreichen Praktika in Kliniken immer wieder zu den Pferden zog, habe ich mich f\u00fcr ein Studium der Tiermedizin entschlossen. Meine Passion ist es, Pferdeleben dauerhaft zu verbessern und es ist mir wichtig, Erfahrungswerte aus dem Sport mit Wissen zu untermauern. Im Zuge dessen ist bei mir der Traum entstanden, ein Buch zu schreiben \u00fcber die Anatomie und Physiologie des Pferdes und wie Pferde nachhaltig und m\u00f6glichst tiergerecht gehalten werden sollten. <br>\nNach meiner Approbation habe ich als Tier\u00e4rztin f\u00fcr Pferde in der Tierklinik L\u00fcsche gearbeitet. Diese Pferdeklinik betreut die deutschen Nationalteams Dressur, Springen und Para-Equestrian und bietet eine beeindruckende Vielfalt an Patientenf\u00e4llen und zahlreiche Forschungsm\u00f6glichkeiten. <br>\nIch habe au\u00dferdem die Qualifikation zur FEI Treating Veterinarian erworben und war bereits auf internationalen Turnieren im Einsatz. <br>\nWeiterhin schloss ich eine Ausbildung als Veterin\u00e4rchiropraktikerin an der Internationalen Akademie f\u00fcr Veterin\u00e4r Chiropraktik (IAVC) ab, die es sich zur Aufgabe gemacht hat die wichtigsten Aspekte der Tiermedizin und Chiropraktik miteinander zu verkn\u00fcpfen.<br>\nSeit 2022 bin ich selbstst\u00e4ndig und besch\u00e4ftige mich mit der ganzheitlichen Betreuung von Sportpferden.\n\n<\/h2>\t\t<\/div>\n\t\t\t\t<\/div>\n\t\t\t\t<div class=\"elementor-element elementor-element-72b0453 elementor-widget elementor-widget-spacer\" data-id=\"72b0453\" data-element_type=\"widget\" id=\"akt\" data-widget_type=\"spacer.default\">\n\t\t\t\t<div class=\"elementor-widget-container\">\n\t\t\t\t\t<div class=\"elementor-spacer\">\n\t\t\t<div class=\"elementor-spacer-inner\"><\/div>\n\t\t<\/div>\n\t\t\t\t<\/div>\n\t\t\t\t<\/div>\n\t\t\t\t\t<\/div>\n\t\t\t\t<\/div>\n\t\t<div class=\"elementor-element elementor-element-ed4489e e-flex e-con-boxed e-con e-parent\" data-id=\"ed4489e\" data-element_type=\"container\" id=\"akt\" data-settings=\"{&quot;background_background&quot;:&quot;classic&quot;}\" data-core-v316-plus=\"true\">\n\t\t\t\t\t<div class=\"e-con-inner\">\n\t\t\t\t<div class=\"elementor-element elementor-element-b10f48e elementor-widget elementor-widget-heading\" data-id=\"b10f48e\" data-element_type=\"widget\" data-widget_type=\"heading.default\">\n\t\t\t\t<div class=\"elementor-widget-container\">\n\t\t\t<h2 class=\"elementor-heading-title elementor-size-default\">KONTAKT<\/h2>\t\t<\/div>\n\t\t\t\t<\/div>\n\t\t\t\t<div class=\"elementor-element elementor-element-b6ed2b8 elementor-widget elementor-widget-heading\" data-id=\"b6ed2b8\" data-element_type=\"widget\" data-widget_type=\"heading.default\">\n\t\t\t\t<div class=\"elementor-widget-container\">\n\t\t\t<h2 class=\"elementor-heading-title elementor-size-default\">NICOLA KRAUSE<\/br>\nTIER\u00c4RZTIN F\u00dcR PFERDE<\/h2>\t\t<\/div>\n\t\t\t\t<\/div>\n\t\t\t\t<div class=\"elementor-element elementor-element-94101a1 elementor-align-center elementor-icon-list--layout-traditional elementor-list-item-link-full_width elementor-widget elementor-widget-icon-list\" data-id=\"94101a1\" data-element_type=\"widget\" data-widget_type=\"icon-list.default\">\n\t\t\t\t<div class=\"elementor-widget-container\">\n\t\t\t\t\t<ul class=\"elementor-icon-list-items\">\n\t\t\t\t\t\t\t<li class=\"elementor-icon-list-item\">\n\t\t\t\t\t\t\t\t\t\t<span class=\"elementor-icon-list-text\">Kaiser-Friedrich-Promenade 26<\/br> 61348 Bad Homburg<\/span>\n\t\t\t\t\t\t\t\t\t<\/li>\n\t\t\t\t\t\t\t\t<li class=\"elementor-icon-list-item\">\n\t\t\t\t\t\t\t\t\t\t<span class=\"elementor-icon-list-text\">+49 151 12476959<\/span>\n\t\t\t\t\t\t\t\t\t<\/li>\n\t\t\t\t\t\t\t\t<li class=\"elementor-icon-list-item\">\n\t\t\t\t\t\t\t\t\t\t<span class=\"elementor-icon-list-text\">nicola.krause@gmail.com<\/span>\n\t\t\t\t\t\t\t\t\t<\/li>\n\t\t\t\t\t\t<\/ul>\n\t\t\t\t<\/div>\n\t\t\t\t<\/div>\n\t\t\t\t\t<\/div>\n\t\t\t\t<\/div>\n\t\t\t\t<\/div>\n\t\t","protected":false},"excerpt":{"rendered":"<p>NICOLA KRAUSE TIER\u00c4RZTIN F\u00dcR PFERDE +49 151 12476959 nicola.krause@gmail.com LEISTUNGEN BERATUNG ZU PFERDEGERECHTER HALTUNG Eine pferdegerechte Haltung bezieht sich auf die Art und Weise, wie Pferde untergebracht und versorgt werden, um ihre Bed\u00fcrfnisse nach Gesundheit, Wohlbefinden und artgerechtem Verhalten zu erf\u00fcllen. Die Aufgabe von uns Tier\u00e4rzt:innen besteht insbesondere darin, die Gesundheit und das Wohlbefinden von [&hellip;]<\/p>\n","protected":false},"author":1,"featured_media":0,"parent":0,"menu_order":0,"comment_status":"closed","ping_status":"closed","template":"elementor_header_footer","meta":{"footnotes":""},"_links":{"self":[{"href":"https:\/\/tieraerztinmini.de\/index.php?rest_route=\/wp\/v2\/pages\/9"}],"collection":[{"href":"https:\/\/tieraerztinmini.de\/index.php?rest_route=\/wp\/v2\/pages"}],"about":[{"href":"https:\/\/tieraerztinmini.de\/index.php?rest_route=\/wp\/v2\/types\/page"}],"author":[{"embeddable":true,"href":"https:\/\/tieraerztinmini.de\/index.php?rest_route=\/wp\/v2\/users\/1"}],"replies":[{"embeddable":true,"href":"https:\/\/tieraerztinmini.de\/index.php?rest_route=%2Fwp%2Fv2%2Fcomments&post=9"}],"version-history":[{"count":157,"href":"https:\/\/tieraerztinmini.de\/index.php?rest_route=\/wp\/v2\/pages\/9\/revisions"}],"predecessor-version":[{"id":222,"href":"https:\/\/tieraerztinmini.de\/index.php?rest_route=\/wp\/v2\/pages\/9\/revisions\/222"}],"wp:attachment":[{"href":"https:\/\/tieraerztinmini.de\/index.php?rest_route=%2Fwp%2Fv2%2Fmedia&parent=9"}],"curies":[{"name":"wp","href":"https:\/\/api.w.org\/{rel}","templated":true}]}}